{"id":23,"date":"2025-07-23T11:07:09","date_gmt":"2025-07-23T11:07:09","guid":{"rendered":"https:\/\/talleresalberto.com\/contact\/"},"modified":"2025-07-24T11:17:28","modified_gmt":"2025-07-24T11:17:28","slug":"contacto","status":"publish","type":"page","link":"https:\/\/talleresalberto.com\/es\/contacto\/","title":{"rendered":"Contacto"},"content":{"rendered":"\t\t<div data-elementor-type=\"wp-page\" data-elementor-id=\"23\" class=\"elementor elementor-23\">\n\t\t\t\t<div class=\"elementor-element elementor-element-09a8415 e-flex e-con-boxed e-con e-parent\" data-id=\"09a8415\" data-element_type=\"container\" data-settings=\"{&quot;background_background&quot;:&quot;classic&quot;}\">\n\t\t\t\t\t<div class=\"e-con-inner\">\n\t\t\t\t<div class=\"elementor-element elementor-element-7892f7d elementor-widget elementor-widget-heading\" data-id=\"7892f7d\" data-element_type=\"widget\" data-widget_type=\"heading.default\">\n\t\t\t\t<div class=\"elementor-widget-container\">\n\t\t\t\t\t<h1 class=\"elementor-heading-title elementor-size-default\">Ponte en contacto<\/h1>\t\t\t\t<\/div>\n\t\t\t\t<\/div>\n\t\t\t\t<div class=\"elementor-element elementor-element-2904946 elementor-widget elementor-widget-text-editor\" data-id=\"2904946\" data-element_type=\"widget\" data-widget_type=\"text-editor.default\">\n\t\t\t\t<div class=\"elementor-widget-container\">\n\t\t\t\t\t\t\t\t\t<p data-start=\"344\" data-end=\"479\">Estoy disponible para resolver cualquier reparaci\u00f3n o adaptaci\u00f3n de aperos. Ll\u00e1mame o escr\u00edbeme por WhatsApp y hablamos sin compromiso.<\/p>\t\t\t\t\t\t\t\t<\/div>\n\t\t\t\t<\/div>\n\t\t\t\t\t<\/div>\n\t\t\t\t<\/div>\n\t\t<div class=\"elementor-element elementor-element-6112710 e-flex e-con-boxed e-con e-parent\" data-id=\"6112710\" data-element_type=\"container\">\n\t\t\t\t\t<div class=\"e-con-inner\">\n\t\t\t\t<div class=\"elementor-element elementor-element-42a796b elementor-widget elementor-widget-heading\" data-id=\"42a796b\" data-element_type=\"widget\" data-widget_type=\"heading.default\">\n\t\t\t\t<div class=\"elementor-widget-container\">\n\t\t\t\t\t<h2 class=\"elementor-heading-title elementor-size-default\">\nD\u00f3nde est\u00e1 el taller<\/h2>\t\t\t\t<\/div>\n\t\t\t\t<\/div>\n\t\t\t\t<div class=\"elementor-element elementor-element-92a5aa6 elementor-widget elementor-widget-text-editor\" data-id=\"92a5aa6\" data-element_type=\"widget\" data-widget_type=\"text-editor.default\">\n\t\t\t\t<div class=\"elementor-widget-container\">\n\t\t\t\t\t\t\t\t\t<p>Trabajo desde San Mart\u00edn de Oleiros (L\u00e1ncara), pero me adapto a las necesidades de cada cliente. Puedes pasar por el taller o llamarme antes para asegurarte de que estoy disponible.<\/p>\t\t\t\t\t\t\t\t<\/div>\n\t\t\t\t<\/div>\n\t\t<div class=\"elementor-element elementor-element-0ad6fd3 e-con-full e-flex e-con e-child\" data-id=\"0ad6fd3\" data-element_type=\"container\">\n\t\t<div class=\"elementor-element elementor-element-8a45b2b e-con-full e-flex e-con e-child\" data-id=\"8a45b2b\" data-element_type=\"container\" data-settings=\"{&quot;background_background&quot;:&quot;classic&quot;}\">\n\t\t\t\t<div class=\"elementor-element elementor-element-7e1c0f1 elementor-widget elementor-widget-html\" data-id=\"7e1c0f1\" data-element_type=\"widget\" data-widget_type=\"html.default\">\n\t\t\t\t<div class=\"elementor-widget-container\">\n\t\t\t\t\t<iframe src=\"https:\/\/www.google.com\/maps\/embed?pb=!1m18!1m12!1m3!1d731.4008555882255!2d-7.386080012559919!3d42.83899028301415!2m3!1f0!2f0!3f0!3m2!1i1024!2i768!4f13.1!3m3!1m2!1s0xd3049d5bfd0384b%3A0x6fee3a266d8586e3!2sTALLERES%20ALBERTO!5e0!3m2!1ses!2ses!4v1753347448736!5m2!1ses!2ses\" width=\"600\" height=\"600\" style=\"border:0;\" allowfullscreen=\"\" loading=\"lazy\" referrerpolicy=\"no-referrer-when-downgrade\"><\/iframe>\t\t\t\t<\/div>\n\t\t\t\t<\/div>\n\t\t\t\t<\/div>\n\t\t<div class=\"elementor-element elementor-element-90e473e e-con-full e-flex e-con e-child\" data-id=\"90e473e\" data-element_type=\"container\" data-settings=\"{&quot;background_background&quot;:&quot;classic&quot;}\">\n\t\t\t\t<div class=\"elementor-element elementor-element-42dc2ee elementor-widget elementor-widget-heading\" data-id=\"42dc2ee\" data-element_type=\"widget\" data-widget_type=\"heading.default\">\n\t\t\t\t<div class=\"elementor-widget-container\">\n\t\t\t\t\t<h2 class=\"elementor-heading-title elementor-size-default\">\u00bfLo vemos juntos?<\/h2>\t\t\t\t<\/div>\n\t\t\t\t<\/div>\n\t\t\t\t<div class=\"elementor-element elementor-element-d59132f elementor-position-left elementor-view-default elementor-mobile-position-top elementor-vertical-align-top elementor-widget elementor-widget-icon-box\" data-id=\"d59132f\" data-element_type=\"widget\" data-widget_type=\"icon-box.default\">\n\t\t\t\t<div class=\"elementor-widget-container\">\n\t\t\t\t\t\t\t<div class=\"elementor-icon-box-wrapper\">\n\n\t\t\t\t\t\t<div class=\"elementor-icon-box-icon\">\n\t\t\t\t<a href=\"tel:+34616767316\" class=\"elementor-icon\" tabindex=\"-1\" aria-label=\"Tel\u00e9fono\">\n\t\t\t\t<svg xmlns=\"http:\/\/www.w3.org\/2000\/svg\" xmlns:xlink=\"http:\/\/www.w3.org\/1999\/xlink\" width=\"295\" viewBox=\"0 0 221.25 225\" height=\"300\" preserveAspectRatio=\"xMidYMid meet\"><defs><clipPath id=\"9ed306cfa9\"><path d=\"M 43.386719 0.378906 L 177.183594 0.378906 L 177.183594 224.617188 L 43.386719 224.617188 Z M 43.386719 0.378906 \"><\/path><\/clipPath><\/defs><g id=\"339c438857\"><g clip-rule=\"nonzero\" clip-path=\"url(#9ed306cfa9)\"><path style=\" stroke:none;fill-rule:nonzero;fill:#ffffff;fill-opacity:1;\" d=\"M 152.152344 0.378906 L 68.363281 0.378906 C 54.617188 0.378906 43.433594 11.5625 43.433594 25.308594 L 43.433594 199.675781 C 43.433594 213.421875 54.617188 224.601562 68.363281 224.601562 L 152.152344 224.601562 C 165.894531 224.601562 177.078125 213.421875 177.078125 199.675781 L 177.078125 25.308594 C 177.078125 11.5625 165.898438 0.378906 152.152344 0.378906 Z M 50.691406 28.9375 L 169.820312 28.9375 L 169.820312 179.601562 L 50.691406 179.601562 Z M 68.363281 7.640625 L 152.152344 7.640625 C 160.648438 7.640625 167.761719 13.671875 169.441406 21.679688 L 51.070312 21.679688 C 52.75 13.671875 59.863281 7.640625 68.363281 7.640625 Z M 152.152344 217.34375 L 68.363281 217.34375 C 58.621094 217.34375 50.691406 209.417969 50.691406 199.675781 L 50.691406 186.863281 L 169.820312 186.863281 L 169.820312 199.675781 C 169.820312 209.417969 161.894531 217.34375 152.152344 217.34375 Z M 152.152344 217.34375 \"><\/path><\/g><path style=\" stroke:none;fill-rule:nonzero;fill:#ffffff;fill-opacity:1;\" d=\"M 110.257812 191.53125 C 104.480469 191.53125 99.78125 196.230469 99.78125 202.007812 C 99.78125 207.785156 104.480469 212.484375 110.257812 212.484375 C 116.03125 212.484375 120.730469 207.785156 120.730469 202.007812 C 120.730469 196.230469 116.03125 191.53125 110.257812 191.53125 Z M 110.257812 205.222656 C 108.484375 205.222656 107.039062 203.78125 107.039062 202.007812 C 107.039062 200.234375 108.480469 198.789062 110.257812 198.789062 C 112.03125 198.789062 113.472656 200.234375 113.472656 202.007812 C 113.472656 203.78125 112.03125 205.222656 110.257812 205.222656 Z M 110.257812 205.222656 \"><\/path><\/g><\/svg>\t\t\t\t<\/a>\n\t\t\t<\/div>\n\t\t\t\n\t\t\t\t\t\t<div class=\"elementor-icon-box-content\">\n\n\t\t\t\t\t\t\t\t\t<h4 class=\"elementor-icon-box-title\">\n\t\t\t\t\t\t<a href=\"tel:+34616767316\" >\n\t\t\t\t\t\t\tTel\u00e9fono\t\t\t\t\t\t<\/a>\n\t\t\t\t\t<\/h4>\n\t\t\t\t\n\t\t\t\t\t\t\t\t\t<p class=\"elementor-icon-box-description\">\n\t\t\t\t\t\t616 767 316\t\t\t\t\t<\/p>\n\t\t\t\t\n\t\t\t<\/div>\n\t\t\t\n\t\t<\/div>\n\t\t\t\t\t\t<\/div>\n\t\t\t\t<\/div>\n\t\t\t\t<div class=\"elementor-element elementor-element-5446f36 elementor-position-left elementor-view-default elementor-mobile-position-top elementor-vertical-align-top elementor-widget elementor-widget-icon-box\" data-id=\"5446f36\" data-element_type=\"widget\" data-widget_type=\"icon-box.default\">\n\t\t\t\t<div class=\"elementor-widget-container\">\n\t\t\t\t\t\t\t<div class=\"elementor-icon-box-wrapper\">\n\n\t\t\t\t\t\t<div class=\"elementor-icon-box-icon\">\n\t\t\t\t<a href=\"mailto:info@talleresalberto.com\" target=\"_blank\" class=\"elementor-icon\" tabindex=\"-1\" aria-label=\"Email\">\n\t\t\t\t<svg xmlns=\"http:\/\/www.w3.org\/2000\/svg\" xmlns:xlink=\"http:\/\/www.w3.org\/1999\/xlink\" width=\"295\" viewBox=\"0 0 221.25 225\" height=\"300\" preserveAspectRatio=\"xMidYMid meet\"><defs><clipPath id=\"33ddec12e3\"><path d=\"M 0 2.25 L 220.503906 2.25 L 220.503906 222.75 L 0 222.75 Z M 0 2.25 \"><\/path><\/clipPath><\/defs><g id=\"b97f9cdc4a\"><path style=\" stroke:none;fill-rule:nonzero;fill:#ffffff;fill-opacity:1;\" d=\"M 109.507812 113.242188 C 117.4375 113.242188 123.382812 110.765625 126.851562 109.277344 C 128.832031 108.785156 129.824219 107.296875 128.335938 105.316406 L 125.859375 101.351562 C 124.867188 99.863281 123.382812 99.863281 121.894531 100.855469 C 118.921875 103.332031 113.96875 104.820312 109.011719 104.820312 C 93.15625 104.820312 81.265625 92.925781 81.265625 77.070312 C 81.265625 61.214844 94.148438 48.332031 110.003906 48.332031 C 127.84375 48.332031 137.753906 60.71875 137.753906 77.070312 C 137.753906 85 134.285156 90.449219 130.816406 90.449219 C 128.832031 90.449219 127.84375 89.457031 127.84375 86.484375 L 127.84375 69.144531 C 127.84375 67.160156 128.335938 64.1875 129.328125 62.207031 L 129.328125 61.710938 C 130.320312 59.726562 128.832031 58.242188 126.851562 58.242188 L 119.914062 58.242188 C 117.933594 58.242188 116.445312 59.234375 116.941406 60.222656 C 117.4375 61.214844 116.445312 61.214844 114.957031 59.726562 C 112.976562 58.242188 110.003906 56.753906 106.039062 56.753906 C 95.632812 56.753906 88.695312 65.675781 88.695312 76.574219 C 88.695312 88.46875 97.617188 96.394531 107.03125 96.394531 C 110.996094 96.394531 114.464844 94.910156 117.4375 92.433594 C 118.921875 90.945312 119.914062 89.953125 119.914062 90.449219 C 119.914062 90.945312 119.914062 90.945312 119.914062 90.945312 C 120.90625 95.40625 124.867188 97.386719 129.824219 97.386719 C 139.238281 97.386719 146.175781 88.964844 146.175781 76.574219 C 146.175781 55.765625 130.816406 40.402344 110.003906 40.402344 C 89.191406 40.402344 72.839844 56.257812 72.839844 77.070312 C 73.335938 97.882812 88.695312 113.242188 109.507812 113.242188 Z M 109.011719 87.476562 C 104.058594 87.476562 101.085938 82.523438 101.085938 77.070312 C 101.085938 71.621094 104.058594 67.160156 109.011719 67.160156 C 114.464844 67.160156 117.4375 71.621094 117.4375 77.070312 C 117.4375 83.015625 113.96875 87.476562 109.011719 87.476562 Z M 109.011719 87.476562 \"><\/path><g clip-rule=\"nonzero\" clip-path=\"url(#33ddec12e3)\"><path style=\" stroke:none;fill-rule:nonzero;fill:#ffffff;fill-opacity:1;\" d=\"M 220.007812 94.414062 C 220.007812 93.421875 219.511719 92.925781 219.511719 92.433594 C 219.015625 91.9375 219.015625 91.441406 218.519531 90.945312 L 187.796875 65.675781 L 187.796875 20.085938 C 187.796875 17.113281 185.816406 15.132812 182.84375 15.132812 L 126.851562 15.132812 L 112.976562 3.734375 C 110.996094 2.25 108.515625 2.25 106.535156 3.734375 L 92.660156 15.132812 L 37.164062 15.132812 C 34.191406 15.132812 32.207031 17.113281 32.207031 20.085938 L 32.207031 65.675781 L 1.488281 90.945312 C 0.992188 91.441406 0.496094 91.9375 0.496094 92.433594 C 0.496094 92.925781 0 93.421875 0 93.917969 C 0 93.917969 0 94.414062 0 94.414062 C 0 94.414062 0 94.414062 0 94.910156 L 0 217.796875 C 0 220.769531 1.980469 222.75 4.957031 222.75 L 215.546875 222.75 C 218.519531 222.75 220.503906 220.769531 220.503906 217.796875 L 220.007812 94.414062 C 220.503906 94.414062 220.007812 94.414062 220.007812 94.414062 Z M 210.59375 102.835938 L 210.59375 176.171875 L 149.148438 134.550781 Z M 206.132812 93.917969 L 187.796875 103.332031 L 187.796875 78.558594 Z M 110.003906 14.140625 L 111.488281 15.132812 L 108.515625 15.132812 Z M 177.886719 25.042969 L 177.886719 108.289062 L 110.003906 143.46875 L 42.117188 108.785156 L 42.117188 25.042969 Z M 9.910156 102.835938 L 71.355469 134.550781 L 9.910156 176.171875 Z M 32.207031 103.332031 L 13.875 93.917969 L 32.207031 78.558594 Z M 9.910156 212.839844 L 9.910156 188.066406 L 81.265625 139.503906 L 108.019531 153.378906 C 109.507812 153.875 110.996094 153.875 112.480469 153.378906 L 139.238281 139.503906 L 210.59375 188.066406 L 210.59375 212.839844 Z M 9.910156 212.839844 \"><\/path><\/g><\/g><\/svg>\t\t\t\t<\/a>\n\t\t\t<\/div>\n\t\t\t\n\t\t\t\t\t\t<div class=\"elementor-icon-box-content\">\n\n\t\t\t\t\t\t\t\t\t<h4 class=\"elementor-icon-box-title\">\n\t\t\t\t\t\t<a href=\"mailto:info@talleresalberto.com\" target=\"_blank\" >\n\t\t\t\t\t\t\tEmail\t\t\t\t\t\t<\/a>\n\t\t\t\t\t<\/h4>\n\t\t\t\t\n\t\t\t\t\t\t\t\t\t<p class=\"elementor-icon-box-description\">\n\t\t\t\t\t\tinfo@talleresalberto.com\t\t\t\t\t<\/p>\n\t\t\t\t\n\t\t\t<\/div>\n\t\t\t\n\t\t<\/div>\n\t\t\t\t\t\t<\/div>\n\t\t\t\t<\/div>\n\t\t\t\t<div class=\"elementor-element elementor-element-e37b7bf elementor-position-left elementor-view-default elementor-mobile-position-top elementor-vertical-align-top elementor-widget elementor-widget-icon-box\" data-id=\"e37b7bf\" data-element_type=\"widget\" data-widget_type=\"icon-box.default\">\n\t\t\t\t<div class=\"elementor-widget-container\">\n\t\t\t\t\t\t\t<div class=\"elementor-icon-box-wrapper\">\n\n\t\t\t\t\t\t<div class=\"elementor-icon-box-icon\">\n\t\t\t\t<a href=\"https:\/\/maps.app.goo.gl\/LaW6dDHiDLKWX4LE6\" class=\"elementor-icon\" tabindex=\"-1\" aria-label=\"Direcci\u00f3n\">\n\t\t\t\t<svg xmlns=\"http:\/\/www.w3.org\/2000\/svg\" xmlns:xlink=\"http:\/\/www.w3.org\/1999\/xlink\" width=\"295\" viewBox=\"0 0 221.25 225\" height=\"300\" preserveAspectRatio=\"xMidYMid meet\"><defs><clipPath id=\"81429df6de\"><path d=\"M 42.558594 0.378906 L 177.851562 0.378906 L 177.851562 186 L 42.558594 186 Z M 42.558594 0.378906 \"><\/path><\/clipPath><clipPath id=\"bafa4801f0\"><path d=\"M 48 161 L 173 161 L 173 224.617188 L 48 224.617188 Z M 48 161 \"><\/path><\/clipPath><\/defs><g id=\"0fc80e2c7f\"><g clip-rule=\"nonzero\" clip-path=\"url(#81429df6de)\"><path style=\" stroke:none;fill-rule:nonzero;fill:#ffffff;fill-opacity:1;\" d=\"M 110.226562 11.476562 C 141.503906 11.476562 166.953125 36.917969 166.953125 68.191406 C 166.953125 92.773438 129.308594 146.300781 110.226562 170.859375 C 91.15625 146.300781 53.511719 92.773438 53.511719 68.191406 C 53.511719 36.917969 78.957031 11.476562 110.226562 11.476562 Z M 110.226562 185.144531 C 111.878906 185.144531 113.445312 184.394531 114.484375 183.105469 C 117.070312 179.894531 177.886719 104.058594 177.886719 68.191406 C 177.886719 30.886719 147.535156 0.539062 110.226562 0.539062 C 72.925781 0.539062 42.578125 30.886719 42.578125 68.191406 C 42.578125 104.058594 103.386719 179.894531 105.96875 183.105469 C 107.007812 184.394531 108.574219 185.144531 110.226562 185.144531 \"><\/path><\/g><path style=\" stroke:none;fill-rule:nonzero;fill:#ffffff;fill-opacity:1;\" d=\"M 110.222656 71.582031 C 99.0625 71.582031 89.992188 62.503906 89.992188 51.347656 C 89.992188 40.191406 99.0625 31.121094 110.222656 31.121094 C 121.378906 31.121094 130.453125 40.191406 130.453125 51.347656 C 130.453125 62.503906 121.378906 71.582031 110.222656 71.582031 Z M 141.390625 51.347656 C 141.390625 34.164062 127.410156 20.183594 110.222656 20.183594 C 93.042969 20.183594 79.058594 34.164062 79.058594 51.347656 C 79.058594 68.535156 93.042969 82.519531 110.222656 82.519531 C 127.410156 82.519531 141.390625 68.535156 141.390625 51.347656 \"><\/path><g clip-rule=\"nonzero\" clip-path=\"url(#bafa4801f0)\"><path style=\" stroke:none;fill-rule:nonzero;fill:#ffffff;fill-opacity:1;\" d=\"M 150.285156 161.914062 C 147.554688 160.617188 144.296875 161.796875 143 164.515625 C 141.703125 167.242188 142.871094 170.503906 145.597656 171.796875 C 155.550781 176.515625 161.261719 182.78125 161.261719 188.996094 C 161.261719 200.496094 140.300781 213.316406 110.226562 213.316406 C 80.152344 213.316406 59.199219 200.496094 59.199219 188.996094 C 59.199219 182.78125 64.910156 176.515625 74.863281 171.796875 C 77.589844 170.503906 78.757812 167.242188 77.460938 164.515625 C 76.175781 161.789062 72.90625 160.613281 70.179688 161.914062 C 56.253906 168.511719 48.265625 178.382812 48.265625 188.996094 C 48.265625 208.765625 75.484375 224.253906 110.226562 224.253906 C 144.980469 224.253906 172.199219 208.765625 172.199219 188.996094 C 172.199219 178.382812 164.210938 168.511719 150.285156 161.914062 \"><\/path><\/g><\/g><\/svg>\t\t\t\t<\/a>\n\t\t\t<\/div>\n\t\t\t\n\t\t\t\t\t\t<div class=\"elementor-icon-box-content\">\n\n\t\t\t\t\t\t\t\t\t<h4 class=\"elementor-icon-box-title\">\n\t\t\t\t\t\t<a href=\"https:\/\/maps.app.goo.gl\/LaW6dDHiDLKWX4LE6\" >\n\t\t\t\t\t\t\tDirecci\u00f3n\t\t\t\t\t\t<\/a>\n\t\t\t\t\t<\/h4>\n\t\t\t\t\n\t\t\t\t\t\t\t\t\t<p class=\"elementor-icon-box-description\">\n\t\t\t\t\t\tSan Mart\u00edn de Oleiros, 7\n27368 \u2013 L\u00e1ncara (Lugo)\t\t\t\t\t<\/p>\n\t\t\t\t\n\t\t\t<\/div>\n\t\t\t\n\t\t<\/div>\n\t\t\t\t\t\t<\/div>\n\t\t\t\t<\/div>\n\t\t\t\t<\/div>\n\t\t<div class=\"elementor-element elementor-element-5f33cfc e-con-full e-flex e-con e-child\" data-id=\"5f33cfc\" data-element_type=\"container\" data-settings=\"{&quot;background_background&quot;:&quot;classic&quot;}\">\n\t\t\t\t<div class=\"elementor-element elementor-element-eadf7ca elementor-widget elementor-widget-heading\" data-id=\"eadf7ca\" data-element_type=\"widget\" data-widget_type=\"heading.default\">\n\t\t\t\t<div class=\"elementor-widget-container\">\n\t\t\t\t\t<h2 class=\"elementor-heading-title elementor-size-default\">Horario<\/h2>\t\t\t\t<\/div>\n\t\t\t\t<\/div>\n\t\t\t\t<div class=\"elementor-element elementor-element-9b95025 elementor-vertical-align-top elementor-widget elementor-widget-icon-box\" data-id=\"9b95025\" data-element_type=\"widget\" data-widget_type=\"icon-box.default\">\n\t\t\t\t<div class=\"elementor-widget-container\">\n\t\t\t\t\t\t\t<div class=\"elementor-icon-box-wrapper\">\n\n\t\t\t\n\t\t\t\t\t\t<div class=\"elementor-icon-box-content\">\n\n\t\t\t\t\t\t\t\t\t<h4 class=\"elementor-icon-box-title\">\n\t\t\t\t\t\t<span  >\n\t\t\t\t\t\t\tLunes a Viernes\t\t\t\t\t\t<\/span>\n\t\t\t\t\t<\/h4>\n\t\t\t\t\n\t\t\t\t\n\t\t\t<\/div>\n\t\t\t\n\t\t<\/div>\n\t\t\t\t\t\t<\/div>\n\t\t\t\t<\/div>\n\t\t\t\t<div class=\"elementor-element elementor-element-fd3f751 elementor-position-left elementor-view-default elementor-mobile-position-top elementor-vertical-align-top elementor-widget elementor-widget-icon-box\" data-id=\"fd3f751\" data-element_type=\"widget\" data-widget_type=\"icon-box.default\">\n\t\t\t\t<div class=\"elementor-widget-container\">\n\t\t\t\t\t\t\t<div class=\"elementor-icon-box-wrapper\">\n\n\t\t\t\t\t\t<div class=\"elementor-icon-box-icon\">\n\t\t\t\t<span  class=\"elementor-icon\">\n\t\t\t\t<svg aria-hidden=\"true\" class=\"e-font-icon-svg e-far-clock\" viewBox=\"0 0 512 512\" xmlns=\"http:\/\/www.w3.org\/2000\/svg\"><path d=\"M256 8C119 8 8 119 8 256s111 248 248 248 248-111 248-248S393 8 256 8zm0 448c-110.5 0-200-89.5-200-200S145.5 56 256 56s200 89.5 200 200-89.5 200-200 200zm61.8-104.4l-84.9-61.7c-3.1-2.3-4.9-5.9-4.9-9.7V116c0-6.6 5.4-12 12-12h32c6.6 0 12 5.4 12 12v141.7l66.8 48.6c5.4 3.9 6.5 11.4 2.6 16.8L334.6 349c-3.9 5.3-11.4 6.5-16.8 2.6z\"><\/path><\/svg>\t\t\t\t<\/span>\n\t\t\t<\/div>\n\t\t\t\n\t\t\t\t\t\t<div class=\"elementor-icon-box-content\">\n\n\t\t\t\t\t\t\t\t\t<h4 class=\"elementor-icon-box-title\">\n\t\t\t\t\t\t<span  >\n\t\t\t\t\t\t\tMa\u00f1anas\t\t\t\t\t\t<\/span>\n\t\t\t\t\t<\/h4>\n\t\t\t\t\n\t\t\t\t\t\t\t\t\t<p class=\"elementor-icon-box-description\">\n\t\t\t\t\t\t9:30 - 13:30\t\t\t\t\t<\/p>\n\t\t\t\t\n\t\t\t<\/div>\n\t\t\t\n\t\t<\/div>\n\t\t\t\t\t\t<\/div>\n\t\t\t\t<\/div>\n\t\t\t\t<div class=\"elementor-element elementor-element-f1aab28 elementor-position-left elementor-view-default elementor-mobile-position-top elementor-vertical-align-top elementor-widget elementor-widget-icon-box\" data-id=\"f1aab28\" data-element_type=\"widget\" data-widget_type=\"icon-box.default\">\n\t\t\t\t<div class=\"elementor-widget-container\">\n\t\t\t\t\t\t\t<div class=\"elementor-icon-box-wrapper\">\n\n\t\t\t\t\t\t<div class=\"elementor-icon-box-icon\">\n\t\t\t\t<span  class=\"elementor-icon\">\n\t\t\t\t<svg aria-hidden=\"true\" class=\"e-font-icon-svg e-far-clock\" viewBox=\"0 0 512 512\" xmlns=\"http:\/\/www.w3.org\/2000\/svg\"><path d=\"M256 8C119 8 8 119 8 256s111 248 248 248 248-111 248-248S393 8 256 8zm0 448c-110.5 0-200-89.5-200-200S145.5 56 256 56s200 89.5 200 200-89.5 200-200 200zm61.8-104.4l-84.9-61.7c-3.1-2.3-4.9-5.9-4.9-9.7V116c0-6.6 5.4-12 12-12h32c6.6 0 12 5.4 12 12v141.7l66.8 48.6c5.4 3.9 6.5 11.4 2.6 16.8L334.6 349c-3.9 5.3-11.4 6.5-16.8 2.6z\"><\/path><\/svg>\t\t\t\t<\/span>\n\t\t\t<\/div>\n\t\t\t\n\t\t\t\t\t\t<div class=\"elementor-icon-box-content\">\n\n\t\t\t\t\t\t\t\t\t<h4 class=\"elementor-icon-box-title\">\n\t\t\t\t\t\t<span  >\n\t\t\t\t\t\t\tTardes\t\t\t\t\t\t<\/span>\n\t\t\t\t\t<\/h4>\n\t\t\t\t\n\t\t\t\t\t\t\t\t\t<p class=\"elementor-icon-box-description\">\n\t\t\t\t\t\t15:30 - 20:30\t\t\t\t\t<\/p>\n\t\t\t\t\n\t\t\t<\/div>\n\t\t\t\n\t\t<\/div>\n\t\t\t\t\t\t<\/div>\n\t\t\t\t<\/div>\n\t\t\t\t<\/div>\n\t\t\t\t<\/div>\n\t\t\t\t\t<\/div>\n\t\t\t\t<\/div>\n\t\t\t\t<\/div>\n\t\t","protected":false},"excerpt":{"rendered":"<p>Ponte en contacto Estoy disponible para resolver cualquier reparaci\u00f3n o adaptaci\u00f3n de aperos. Ll\u00e1mame o escr\u00edbeme por WhatsApp y hablamos [&hellip;]<\/p>\n","protected":false},"author":1,"featured_media":0,"parent":0,"menu_order":0,"comment_status":"closed","ping_status":"closed","template":"","meta":{"site-sidebar-layout":"no-sidebar","site-content-layout":"","ast-site-content-layout":"full-width-container","site-content-style":"unboxed","site-sidebar-style":"unboxed","ast-global-header-display":"","ast-banner-title-visibility":"","ast-main-header-display":"","ast-hfb-above-header-display":"","ast-hfb-below-header-display":"","ast-hfb-mobile-header-display":"","site-post-title":"disabled","ast-breadcrumbs-content":"","ast-featured-img":"disabled","footer-sml-layout":"","theme-transparent-header-meta":"enabled","adv-header-id-meta":"","stick-header-meta":"","header-above-stick-meta":"","header-main-stick-meta":"","header-below-stick-meta":"","astra-migrate-meta-layouts":"default","ast-page-background-enabled":"default","ast-page-background-meta":{"desktop":{"background-color":"var(--ast-global-color-4)","background-image":"","background-repeat":"repeat","background-position":"center center","background-size":"auto","background-attachment":"scroll","background-type":"","background-media":"","overlay-type":"","overlay-color":"","overlay-opacity":"","overlay-gradient":""},"tablet":{"background-color":"","background-image":"","background-repeat":"repeat","background-position":"center center","background-size":"auto","background-attachment":"scroll","background-type":"","background-media":"","overlay-type":"","overlay-color":"","overlay-opacity":"","overlay-gradient":""},"mobile":{"background-color":"","background-image":"","background-repeat":"repeat","background-position":"center center","background-size":"auto","background-attachment":"scroll","background-type":"","background-media":"","overlay-type":"","overlay-color":"","overlay-opacity":"","overlay-gradient":""}},"ast-content-background-meta":{"desktop":{"background-color":"var(--ast-global-color-5)","background-image":"","background-repeat":"repeat","background-position":"center center","background-size":"auto","background-attachment":"scroll","background-type":"","background-media":"","overlay-type":"","overlay-color":"","overlay-opacity":"","overlay-gradient":""},"tablet":{"background-color":"var(--ast-global-color-5)","background-image":"","background-repeat":"repeat","background-position":"center center","background-size":"auto","background-attachment":"scroll","background-type":"","background-media":"","overlay-type":"","overlay-color":"","overlay-opacity":"","overlay-gradient":""},"mobile":{"background-color":"var(--ast-global-color-5)","background-image":"","background-repeat":"repeat","background-position":"center center","background-size":"auto","background-attachment":"scroll","background-type":"","background-media":"","overlay-type":"","overlay-color":"","overlay-opacity":"","overlay-gradient":""}},"footnotes":""},"class_list":["post-23","page","type-page","status-publish","hentry"],"_links":{"self":[{"href":"https:\/\/talleresalberto.com\/es\/wp-json\/wp\/v2\/pages\/23","targetHints":{"allow":["GET"]}}],"collection":[{"href":"https:\/\/talleresalberto.com\/es\/wp-json\/wp\/v2\/pages"}],"about":[{"href":"https:\/\/talleresalberto.com\/es\/wp-json\/wp\/v2\/types\/page"}],"author":[{"embeddable":true,"href":"https:\/\/talleresalberto.com\/es\/wp-json\/wp\/v2\/users\/1"}],"replies":[{"embeddable":true,"href":"https:\/\/talleresalberto.com\/es\/wp-json\/wp\/v2\/comments?post=23"}],"version-history":[{"count":0,"href":"https:\/\/talleresalberto.com\/es\/wp-json\/wp\/v2\/pages\/23\/revisions"}],"wp:attachment":[{"href":"https:\/\/talleresalberto.com\/es\/wp-json\/wp\/v2\/media?parent=23"}],"curies":[{"name":"wp","href":"https:\/\/api.w.org\/{rel}","templated":true}]}}